{"id":561,"date":"2020-04-01T11:34:40","date_gmt":"2020-04-01T11:34:40","guid":{"rendered":"http:\/\/giaama.umh.es\/?page_id=561"},"modified":"2020-04-08T08:04:11","modified_gmt":"2020-04-08T08:04:11","slug":"proyecto-comfort-gva-2019-20","status":"publish","type":"page","link":"https:\/\/giaama.umh.es\/en\/proyectos-autonomicos\/proyecto-comfort-gva-2019-20\/","title":{"rendered":"Proyecto COMFORT GVA 2019-20"},"content":{"rendered":"<p><a href=\"http:\/\/giaama.umh.es\/files\/2020\/04\/LOGO-COMFORT.jpg\"><img loading=\"lazy\" class=\"alignnone  wp-image-567\" src=\"http:\/\/giaama.umh.es\/files\/2020\/04\/LOGO-COMFORT.jpg\" alt=\"LOGO COMFORT\" width=\"424\" height=\"238\" srcset=\"https:\/\/giaama.umh.es\/files\/2020\/04\/LOGO-COMFORT.jpg 1280w, https:\/\/giaama.umh.es\/files\/2020\/04\/LOGO-COMFORT-300x169.jpg 300w, https:\/\/giaama.umh.es\/files\/2020\/04\/LOGO-COMFORT-1024x576.jpg 1024w\" sizes=\"(max-width: 424px) 100vw, 424px\" \/><\/a><\/p>\n<p>El <strong>proyecto COMFORT <\/strong>Compost para la sanidad de los suelos, pretende <strong>desarrollar compost funcional, utilizando diferentes mezclas considerando el aprovechamiento de restos de poda de cultivos como caqui, c\u00edtricos, granado y paja de arroz como material estructurante.<\/strong> Estos ingredientes son de inter\u00e9s, entre otras cosas porque con su recuperaci\u00f3n se puede evitar en determinadas zonas la quema de dichos subproductos y por lo tanto la recuperaci\u00f3n de carbono y mitigando el cambio clim\u00e1tico. Se estudiar\u00e1 las mejores mezclas, incluyendo subproductos ricos en nitr\u00f3geno como los lodos de la industria del zumo de naranja y caqui y el esti\u00e9rcol de oveja.<\/p>\n<p><strong>Los mejores compost, tras realizar las anal\u00edticas oportunas ser\u00e1n evaluados en campo utilizando 2 cultivos hort\u00edcolas,<\/strong> en los que se analizar\u00e1 los aportes de nutrientes y su capacidad supresiva frente a enfermedades de suelo, la mejora del nivel de materia org\u00e1nica, la acci\u00f3n de los bioestimulantes del propio compost y aumento de la capacidad fertilizante.<\/p>\n<p><a href=\"http:\/\/giaama.umh.es\/files\/2020\/04\/Folleto-contenido-COMFORT.pdf\">Folleto contenido COMFORT<\/a><\/p>\n<p><strong>Convocatoria:\u00a0<\/strong> Ayudas para la cooperaci\u00f3n en el marco del Programa de desarrollo rural de la Comunitat Valenciana 2014-2020 para proyectos de cooperaci\u00f3n relacionados con la valorizaci\u00f3n de restos vegetales en experiencias de agrocompostaje u otros, cuyo fin sea evitar el uso del fuego para la eliminaci\u00f3n de restos agr\u00edcolas. <a href=\"http:\/\/giaama.umh.es\/files\/2020\/04\/Folleto-contenido-COMFORT.pdf\">AGCOOP_B\/2018\/004<\/a><\/p>\n<p><a href=\"http:\/\/giaama.umh.es\/files\/2020\/04\/logo-GVA-agricultura.png\"><img loading=\"lazy\" class=\"alignnone size-full wp-image-565\" src=\"http:\/\/giaama.umh.es\/files\/2020\/04\/logo-GVA-agricultura.png\" alt=\"logo GVA agricultura\" width=\"331\" height=\"152\" srcset=\"https:\/\/giaama.umh.es\/files\/2020\/04\/logo-GVA-agricultura.png 331w, https:\/\/giaama.umh.es\/files\/2020\/04\/logo-GVA-agricultura-300x138.png 300w\" sizes=\"(max-width: 331px) 100vw, 331px\" \/><\/a><\/p>\n<p>Fecha de comienzo: 01\/2019<\/p>\n<p>Fecha de finalizaci\u00f3n: 12\/2020<\/p>\n<p><strong>OBJETIVOS<\/strong><\/p>\n<ol>\n<li>La cuantificaci\u00f3n, an\u00e1lisis y caracterizaci\u00f3n de los flujos residuales del entorno del proyecto<\/li>\n<li>El dise\u00f1o y desarrollo de compost orientados a favorecer, aumentar y\/o incorporar propiedades de valor a\u00f1adido al compost original<\/li>\n<li>Evaluaci\u00f3n de dichas propiedades de valor a\u00f1adido, entre las que destacan la capacidad supresora de fitopat\u00f3genos, el aumento capacidad fertilizante pot\u00e1sica (mediante t\u00e9cnicas de co-compostaje y manejo de lixiviados) y la mejora de las propiedades hidrof\u00edsicas del compost (mejora del agua \u00fatil).<\/li>\n<li>El escalado de las soluciones m\u00e1s adaptadas al consorcio utilizando la planta piloto propuesta a tal efecto.<\/li>\n<li>Validaci\u00f3n agron\u00f3mica de los compost en entornos de producci\u00f3n reales.<\/li>\n<\/ol>\n<p><strong>PARTICIPANTES<\/strong><\/p>\n<p>Miembro solicitante: Universidad Miguel Hern\u00e1ndez<\/p>\n<p>Miembros beneficiarios:<\/p>\n<ul>\n<li>Agriconsa<\/li>\n<li>Fundaci\u00f3n Cajamar Comunidad Valenciana<\/li>\n<\/ul>\n","protected":false},"excerpt":{"rendered":"<p>El proyecto COMFORT Compost para la sanidad de los suelos, pretende desarrollar compost funcional, utilizando diferentes mezclas considerando el aprovechamiento de restos de poda de cultivos como caqui, c\u00edtricos, granado y paja de arroz como material estructurante. Estos ingredientes son de inter\u00e9s, entre otras cosas porque con su recuperaci\u00f3n se puede evitar en determinadas zonas [&hellip;]<\/p>\n","protected":false},"author":192,"featured_media":0,"parent":544,"menu_order":1,"comment_status":"open","ping_status":"open","template":"","meta":{"_et_pb_use_builder":"","_et_pb_old_content":"","_et_gb_content_width":"","_links_to":"","_links_to_target":""},"_links":{"self":[{"href":"https:\/\/giaama.umh.es\/en\/wp-json\/wp\/v2\/pages\/561"}],"collection":[{"href":"https:\/\/giaama.umh.es\/en\/wp-json\/wp\/v2\/pages"}],"about":[{"href":"https:\/\/giaama.umh.es\/en\/wp-json\/wp\/v2\/types\/page"}],"author":[{"embeddable":true,"href":"https:\/\/giaama.umh.es\/en\/wp-json\/wp\/v2\/users\/192"}],"replies":[{"embeddable":true,"href":"https:\/\/giaama.umh.es\/en\/wp-json\/wp\/v2\/comments?post=561"}],"version-history":[{"count":0,"href":"https:\/\/giaama.umh.es\/en\/wp-json\/wp\/v2\/pages\/561\/revisions"}],"up":[{"embeddable":true,"href":"https:\/\/giaama.umh.es\/en\/wp-json\/wp\/v2\/pages\/544"}],"wp:attachment":[{"href":"https:\/\/giaama.umh.es\/en\/wp-json\/wp\/v2\/media?parent=561"}],"curies":[{"name":"wp","href":"https:\/\/api.w.org\/{rel}","templated":true}]}}