{"id":535,"date":"2018-01-16T15:05:29","date_gmt":"2018-01-16T15:05:29","guid":{"rendered":"http:\/\/giaama.umh.es\/?page_id=535"},"modified":"2020-04-08T08:10:38","modified_gmt":"2020-04-08T08:10:38","slug":"buenas-practicas-de-manejo-agricola-y-su-repercusion-en-la-mitigacion-del-cambio-climatico-prof-alberto-sanz-cobena-upm","status":"publish","type":"page","link":"https:\/\/giaama.umh.es\/en\/actividades-organizadas\/charlas\/buenas-practicas-de-manejo-agricola-y-su-repercusion-en-la-mitigacion-del-cambio-climatico-prof-alberto-sanz-cobena-upm\/","title":{"rendered":"Buenas pr\u00e1cticas de manejo agr\u00edcola y su repercusi\u00f3n en la mitigaci\u00f3n del cambio clim\u00e1tico. Prof. Alberto Sanz Cobe\u00f1a, UPM"},"content":{"rendered":"<p><strong>Buenas pr\u00e1cticas de manejo agr\u00edcola y su repercusi\u00f3n en la mitigaci\u00f3n del cambio clim\u00e1tico.<\/strong> Prof. Alberto Sanz Cobe\u00f1a, UPM<\/p>\n<p><iframe loading=\"lazy\" width=\"1080\" height=\"608\" src=\"https:\/\/www.youtube.com\/embed\/JDPp9aziIMg?feature=oembed\" frameborder=\"0\" allow=\"accelerometer; autoplay; encrypted-media; gyroscope; picture-in-picture\" allowfullscreen><\/iframe><\/p>\n","protected":false},"excerpt":{"rendered":"<p>Buenas pr\u00e1cticas de manejo agr\u00edcola y su repercusi\u00f3n en la mitigaci\u00f3n del cambio clim\u00e1tico. Prof. Alberto Sanz Cobe\u00f1a, UPM<\/p>\n","protected":false},"author":192,"featured_media":0,"parent":313,"menu_order":0,"comment_status":"open","ping_status":"open","template":"","meta":{"_et_pb_use_builder":"","_et_pb_old_content":"","_et_gb_content_width":"","_links_to":"","_links_to_target":""},"_links":{"self":[{"href":"https:\/\/giaama.umh.es\/en\/wp-json\/wp\/v2\/pages\/535"}],"collection":[{"href":"https:\/\/giaama.umh.es\/en\/wp-json\/wp\/v2\/pages"}],"about":[{"href":"https:\/\/giaama.umh.es\/en\/wp-json\/wp\/v2\/types\/page"}],"author":[{"embeddable":true,"href":"https:\/\/giaama.umh.es\/en\/wp-json\/wp\/v2\/users\/192"}],"replies":[{"embeddable":true,"href":"https:\/\/giaama.umh.es\/en\/wp-json\/wp\/v2\/comments?post=535"}],"version-history":[{"count":0,"href":"https:\/\/giaama.umh.es\/en\/wp-json\/wp\/v2\/pages\/535\/revisions"}],"up":[{"embeddable":true,"href":"https:\/\/giaama.umh.es\/en\/wp-json\/wp\/v2\/pages\/313"}],"wp:attachment":[{"href":"https:\/\/giaama.umh.es\/en\/wp-json\/wp\/v2\/media?parent=535"}],"curies":[{"name":"wp","href":"https:\/\/api.w.org\/{rel}","templated":true}]}}