{"id":493,"date":"2016-10-28T09:56:18","date_gmt":"2016-10-28T09:56:18","guid":{"rendered":"http:\/\/giaama.umh.es\/?page_id=493"},"modified":"2020-04-08T08:05:34","modified_gmt":"2020-04-08T08:05:34","slug":"guillermo-pardo-nieva","status":"publish","type":"page","link":"https:\/\/giaama.umh.es\/en\/recursos\/guillermo-pardo-nieva\/","title":{"rendered":"Guillermo Pardo Nieva"},"content":{"rendered":"<p><strong><span style=\"color: #800000;\">Tesis doctoral:<\/span><\/strong><\/p>\n<p><strong>Coupling models and life cycle assessment to evaluate agricultural mitigation strategies involving organic resources management<\/strong><\/p>\n<p><em>Utilizaci\u00f3n de modelos y an\u00e1lisis de ciclo de vida para el estudio de estrategias de mitigaci\u00f3n ligadas a la gesti\u00f3n de residuos org\u00e1nicos<\/em><\/p>\n<hr \/>\n<p>\u00a0<\/p>\n<p>Esta tesis se presenta como compendio de las siguientes publicaciones:<\/p>\n<ul>\n<li><strong>Gaseous emissions from management of solid waste: a systematic review. <\/strong>Pardo G, Moral R, Aguilera E, del Prado A. 2015. <em>Global Change Biology<\/em>, 21: 1313-1327 (<a href=\"http:\/\/dx.doi.org\/10.1111\/gcb.12806\">http:\/\/dx.doi.org\/10.1111\/gcb.12806<\/a>).<\/li>\n<li><strong>SIMS<sub>WASTE-CO<\/sub><\/strong> <strong>-A modelling framework for the environmental assessment of agricultural waste management strategies: Composting. <\/strong>Pardo G, Moral R, del Prado A. (forthcoming)<\/li>\n<li><strong>SIMS<sub>WASTE-AD<\/sub><\/strong> <strong>-A modelling framework for the environmental assessment of agricultural waste management strategies: Anaerobic digestion. <\/strong>Pardo G, Moral R, del Prado A. 2017. <em>Science of the Total Environment<\/em>, 574, 806-817 (<a href=\"http:\/\/dx.doi.org\/10.1016\/j.scitotenv.2016.09.096\">http:\/\/dx.doi.org\/10.1016\/j.scitotenv.2016.09.096<\/a>)<\/li>\n<li><strong>Greenhouse-gas mitigation potential of agro-industrial by-products in the diet of dairy goats in Spain: a life-cycle perspective. <\/strong>Pardo G. Martin-Garcia I., Arco A., Ya\u00f1ez-Ruiz D., Moral R and del Prado A. 2016. <em>Animal Production Science<\/em>. 56(3) 646-654 (<a href=\"http:\/\/dx.doi.org\/10.1071\/AN15620\">http:\/\/dx.doi.org\/10.1071\/AN15620<\/a>).<\/li>\n<li><strong>Orchard and horticulture systems in the Spanish Mediterranean coast: Is there a real possibility to contribute to C sequestration?<\/strong> Pardo G, del Prado A, Mart\u00ednez-Mena M, Bustamante MA, Rodr\u00edguez Mart\u00edn JA, Alvaro-Fuentes J, Moral R. <em>Agriculture, Ecosystems &#038; Environment<\/em> (<a href=\"http:\/\/dx.doi.org\/10.1016\/j.agee.2016.09.034\">http:\/\/dx.doi.org\/10.1016\/j.agee.2016.09.034<\/a>).<\/li>\n<\/ul>\n<p>\u00a0<\/p>\n<p><span style=\"text-decoration: underline;\">Tesis completa (Plan Divulga UMH):<\/span><\/p>\n<p><iframe loading=\"lazy\" width=\"1080\" height=\"608\" src=\"https:\/\/www.youtube.com\/embed\/0pFB3kzVn-E?feature=oembed\" frameborder=\"0\" allow=\"accelerometer; autoplay; encrypted-media; gyroscope; picture-in-picture\" allowfullscreen><\/iframe><\/p>\n<p><span style=\"text-decoration: underline;\">Video resumen tesis:<\/span><\/p>\n<p><a href=\"https:\/\/drive.google.com\/file\/d\/0Bwdj5juDe0PUSzA3M3pJR1BjU00\/view?usp=sharing\">Video resumen Tesis Guillermo Pardo Nieva<\/a><\/p>\n<p><span style=\"text-decoration: underline;\">Nota de prensa:<\/span><\/p>\n<p><a href=\"http:\/\/giaama.umh.es\/files\/2016\/10\/nota-prensa-seminario-difusion-RETOS-Guillermo-Pardo-2016.pdf\">nota-prensa-seminario-difusion-retos-guillermo-pardo-2016<\/a><\/p>\n<p><span style=\"text-decoration: underline;\">Entrevista Radio UMH:<\/span><\/p>\n<p><a href=\"http:\/\/audiovisuales.umh.es\/consulta-audiovisual\/pages\/detalleContenido.xhtml?idContenido=260022\">Entrevista Guillermo Pardo Nieva Tesis doctoral<\/a><\/p>\n<p>\u00a0<\/p>","protected":false},"excerpt":{"rendered":"<p>Tesis doctoral: Coupling models and life cycle assessment to evaluate agricultural mitigation strategies involving organic resources management Utilizaci\u00f3n de modelos y an\u00e1lisis de ciclo de vida para el estudio de estrategias de mitigaci\u00f3n ligadas a la gesti\u00f3n de residuos org\u00e1nicos \u00a0 Esta tesis se presenta como compendio de las siguientes publicaciones: Gaseous emissions from management [&hellip;]<\/p>\n","protected":false},"author":192,"featured_media":0,"parent":8,"menu_order":0,"comment_status":"open","ping_status":"open","template":"","meta":{"_et_pb_use_builder":"","_et_pb_old_content":"","_et_gb_content_width":"","_links_to":"","_links_to_target":""},"_links":{"self":[{"href":"https:\/\/giaama.umh.es\/en\/wp-json\/wp\/v2\/pages\/493"}],"collection":[{"href":"https:\/\/giaama.umh.es\/en\/wp-json\/wp\/v2\/pages"}],"about":[{"href":"https:\/\/giaama.umh.es\/en\/wp-json\/wp\/v2\/types\/page"}],"author":[{"embeddable":true,"href":"https:\/\/giaama.umh.es\/en\/wp-json\/wp\/v2\/users\/192"}],"replies":[{"embeddable":true,"href":"https:\/\/giaama.umh.es\/en\/wp-json\/wp\/v2\/comments?post=493"}],"version-history":[{"count":0,"href":"https:\/\/giaama.umh.es\/en\/wp-json\/wp\/v2\/pages\/493\/revisions"}],"up":[{"embeddable":true,"href":"https:\/\/giaama.umh.es\/en\/wp-json\/wp\/v2\/pages\/8"}],"wp:attachment":[{"href":"https:\/\/giaama.umh.es\/en\/wp-json\/wp\/v2\/media?parent=493"}],"curies":[{"name":"wp","href":"https:\/\/api.w.org\/{rel}","templated":true}]}}