{"id":453,"date":"2016-06-13T07:21:15","date_gmt":"2016-06-13T07:21:15","guid":{"rendered":"http:\/\/giaama.umh.es\/?page_id=453"},"modified":"2016-06-13T07:21:15","modified_gmt":"2016-06-13T07:21:15","slug":"utilizacion-de-lodo-en-agricultura-maria-angeles-bustamante-universidad-miguel-hernandez","status":"publish","type":"page","link":"https:\/\/giaama.umh.es\/en\/actividades-organizadas\/cursos\/curso-nuevas-tendencias-en-el-ciclo-integral-del-agua-2016\/utilizacion-de-lodo-en-agricultura-maria-angeles-bustamante-universidad-miguel-hernandez\/","title":{"rendered":"Utilizaci\u00f3n de lodo en agricultura, Mar\u00eda Angeles Bustamante (Universidad Miguel Hern\u00e1ndez)"},"content":{"rendered":"<p>La profesora\u00a0de la <a href=\"http:\/\/www.umh.es\/\" target=\"_blank\"><strong>Universidad Miguel Hern\u00e1ndez (UMH) de Elche<\/strong><\/a> Mar\u00eda \u00c1ngeles Bustamante Mu\u00f1oz explica las particularidades del <strong>uso de compost de lodo en agricultura<\/strong>. La ponencia tuvo lugar en el marco del <a href=\"http:\/\/cursosdeverano.umh.es\/\" target=\"_blank\"><strong>curso de verano<\/strong><\/a>\u00a0<a href=\"http:\/\/www.umh.es\/contenido\/PAS\/:tit_fpo_7671\/datos_es.html\" target=\"_blank\"><strong>\u2018Nuevas tendencias en gesti\u00f3n del ciclo integral del agua\u2019<\/strong><\/a>, organizado por el Catedr\u00e1tico Ra\u00fal Moral Herrero.<\/p>\n<p>El lodo de depuradora es un material semis\u00f3lido, heterog\u00e9neo, obtenido durante los <strong>procesos de depuraci\u00f3n de aguas residuales en <a href=\"https:\/\/es.wikipedia.org\/wiki\/Estaci%C3%B3n_depuradora_de_aguas_residuales\" target=\"_blank\">EDAR<\/a><\/strong>. Su composici\u00f3n es muy variable, depende de:<\/p>\n<ul>\n<li><strong>Caracter\u00edsticas del agua<\/strong> residual a tratar<\/li>\n<li><strong>Tecnolog\u00eda<\/strong> y tipos de depuraci\u00f3n empleados<\/li>\n<li><strong>Tratamiento final<\/strong> al que es sometido el lodo<\/li>\n<li><strong>\u00c9poca<\/strong> del a\u00f1o<\/li>\n<\/ul>\n<p><strong>Principales alternativas a la gesti\u00f3n de lodos en EDAR<\/strong><\/p>\n<p><strong>Uso directo en agricultura<\/strong><\/p>\n<ul>\n<li>Menor coste<\/li>\n<li>Aporte nutrientes<\/li>\n<li><strong>Riesgos mala gesti\u00f3n, olores<\/strong><\/li>\n<\/ul>\n<p><strong>Compostaje<\/strong><\/p>\n<ul>\n<li>Reducci\u00f3n volumen<\/li>\n<li>Estabilizaci\u00f3n, higienizaci\u00f3n<\/li>\n<li><strong>Coste, uso estructurante\u00a0<\/strong><\/li>\n<\/ul>\n<p><strong>Secado t\u00e9rmico<\/strong><\/p>\n<ul>\n<li>Reducci\u00f3n humedad<\/li>\n<li>Valorizaci\u00f3n energ\u00e9tica<\/li>\n<li><strong>Coste econ\u00f3mico y energ\u00e9tico<\/strong><\/li>\n<\/ul>\n<p><strong>Vertedero<\/strong><\/p>\n<ul>\n<li>\u00daltima opci\u00f3n<\/li>\n<li><strong>Sin valorizaci\u00f3n<\/strong><\/li>\n<li><strong>Alto coste<\/strong><\/li>\n<\/ul>\n<p><strong>Compostaje y caracter\u00edsticas de los compost de lodo<\/strong><\/p>\n<p>Constituye una de las mejores opciones, ambiental y econ\u00f3micamente, respecto a otros m\u00e9todos de gesti\u00f3n de residuos org\u00e1nicos.<\/p>\n<p><strong>Ventajas<\/strong><\/p>\n<ul>\n<li>Elimina pat\u00f3genos y semillas<\/li>\n<li>Estabilizaci\u00f3n microbiana<\/li>\n<li>Reducci\u00f3n de volumen y humedad<\/li>\n<li>Eliminaci\u00f3n y control de olores<\/li>\n<li>F\u00e1cil almacenamiento, transporte y uso<\/li>\n<li>Calidad como fertilizante y\/o sustrato<\/li>\n<li>Beneficio para la fertilidad del suelo<\/li>\n<\/ul>\n<p><strong>Desventajas<\/strong><\/p>\n<ul>\n<li>Coste de instalaci\u00f3n y mantenimiento<\/li>\n<li>Requiere estructurante<\/li>\n<li>Precisa \u00e1reas grandes de operaci\u00f3n y tratamiento<\/li>\n<\/ul>\n<p>Los lodos de EDAR presentan ciertas caracter\u00edsticas que dificultan su compostaje:<\/p>\n<ul>\n<li>Exceso de humedad<\/li>\n<li>Muy baja porosidad<\/li>\n<li>Desequilibrio de nutrientes<\/li>\n<\/ul>\n<p><strong>Deben mezclarse con otros materiales con propiedades complementerias que deben tener:<\/strong><\/p>\n<ul>\n<li>Menor contenido en humedad y nitr\u00f3geno<\/li>\n<li>Mejor estructura<\/li>\n<li>Ser una fuente de C para equilibrar la relaci\u00f3n de C\/N de la mezcla<\/li>\n<\/ul>\n<p><strong>Caracter\u00edsticas del compost de lodo EDAR:<\/strong><\/p>\n<ul>\n<li>Valores de pH variables<\/li>\n<li>Salinidad notable-alta<\/li>\n<li>Altos contenidos en MO<\/li>\n<li>Altas concentraciones de N<\/li>\n<li>Relaci\u00f3n C\/N baja<\/li>\n<li>Notables contenidos en macro y micro nutrientes<\/li>\n<li>Contenido de metales pesados variable (dependiente del contenido en el material original)<\/li>\n<\/ul>\n<p><strong>Calidad exigible al compost de lodo EDAR para uso agr\u00edcola<\/strong><\/p>\n<p>El requisito principal es su <strong>grado de estabilidad y madurez<\/strong>: <strong>materia org\u00e1nica estable, ausencia de compuestos fitot\u00f3xicos y de microorganismos pat\u00f3genos.<\/strong><\/p>\n<p><strong>Las caracter\u00edsticas de las materias primas:<\/strong> salinidad, contenido en metales pesados.<\/p>\n<p><strong>Las condiciones en las que se ha desarrollado el proceso:<\/strong> elecci\u00f3n de la mezcla adecuada, equilibrio entre nutrientes, humedad, aireaci\u00f3n y porosidad.<\/p>\n<p><strong>Marco legislativo<\/strong><\/p>\n<p><strong>Real Decreto 1310\/1990<\/strong>, de 29 de octubre, por el que se regula la utilizaci\u00f3n de los lodos de depuradora en el sector agrario<\/p>\n<p><strong>Real Decreto 506\/2013<\/strong>, de 28 de junio, sobre productos fertilizantes<\/p>\n<p><strong>Real Decreto 865\/2010<\/strong>, sobre sustratos de cultivo<\/p>\n<p><strong>Criterios de manejo agr\u00edcola y valor a\u00f1adido<\/strong><\/p>\n<ul>\n<li>Fertilizante nitrogenado muy diluido y de liberaci\u00f3n lenta<\/li>\n<li>Contenidos variables en nutrientes<\/li>\n<li>Potencial presencia de metales pesados<\/li>\n<\/ul>\n<p><strong>Antes de aplicar compost de lodo de EDAR a un suelo\u00a0agr\u00edcola<\/strong><\/p>\n<ul>\n<li>Balance de nutrientes (N y P)<\/li>\n<li>Criterio materia org\u00e1nica<\/li>\n<li>Criterio metales pesados<\/li>\n<li>Criterio sanitario<\/li>\n<li>Criterio derivado de las caracter\u00edstica del suelo<\/li>\n<\/ul>\n<p><strong>Casos pr\u00e1cticos de uso agr\u00edcola de compost de lodo EDAR<\/strong><\/p>\n<p><strong>Caso 1: Valorizaci\u00f3n agron\u00f3mica de compost de lodo EDAR como enmienda org\u00e1nica en vi\u00f1edo<\/strong><\/p>\n<p><strong>Resultados<\/strong><\/p>\n<ul>\n<li>Mayor producci\u00f3n de uva por cepa con los compost en el primer ciclo respecto al control. Sin efecto en el segundo ciclo.<\/li>\n<li>Aumento de los grados Baum\u00e9 (contenido de az\u00facares del mosto) con los compost de lodo EDAR en el segundo ciclo.<\/li>\n<\/ul>\n<p><strong>Caso 2: Valorizaci\u00f3n agron\u00f3mica de compost de lodo EDAR en un cultivo hort\u00edcola<\/strong><\/p>\n<p><strong>Resultados<\/strong><\/p>\n<ul>\n<li>Las enmiendas aumentaron los niveles de C org\u00e1nico en el suelo, con un mantenimiento m\u00e1s sostenible con el compost de lodo EDAR<\/li>\n<li>El compost de lodo EDAR increment\u00f3 los contenidos de N del suelo con respecto al lodo y el control<\/li>\n<li>El compost de lodo EDAR mejor\u00f3 el rendimiento del cultivo respecto al suelo control y al lodo fresco<\/li>\n<\/ul>\n<p><strong>Ideas claves en la situaci\u00f3n actual<\/strong><\/p>\n<p>Beneficios agron\u00f3micos y ambientales<\/p>\n<p><strong>Perspectivas potenciales de futuro<\/strong><\/p>\n<p>Tendencias m\u00e1s restrictivas (sobre todo l\u00edmites de metales pesados, contaminantes org\u00e1nicos y pat\u00f3genos)+<\/p>\n<p><iframe loading=\"lazy\"  id=\"_ytid_18159\"  width=\"800\" height=\"450\"  data-origwidth=\"800\" data-origheight=\"450\" src=\"https:\/\/www.youtube.com\/embed\/KKEheVjoDR0?enablejsapi=1&#038;autoplay=0&#038;cc_load_policy=0&#038;cc_lang_pref=&#038;iv_load_policy=1&#038;loop=0&#038;modestbranding=0&#038;rel=1&#038;fs=1&#038;playsinline=0&#038;autohide=2&#038;theme=dark&#038;color=red&#038;controls=1&#038;\" class=\"__youtube_prefs__  epyt-is-override  no-lazyload\" title=\"YouTube player\"  allow=\"accelerometer; autoplay; clipboard-write; encrypted-media; gyroscope; picture-in-picture\" allowfullscreen data-no-lazy=\"1\" data-skipgform_ajax_framebjll=\"\"><\/iframe><\/p>\n<p>&nbsp;<\/p>\n<p>&nbsp;<\/p>\n","protected":false},"excerpt":{"rendered":"<p>La profesora\u00a0de la Universidad Miguel Hern\u00e1ndez (UMH) de Elche Mar\u00eda \u00c1ngeles Bustamante Mu\u00f1oz explica las particularidades del uso de compost de lodo en agricultura. La ponencia tuvo lugar en el marco del curso de verano\u00a0\u2018Nuevas tendencias en gesti\u00f3n del ciclo integral del agua\u2019, organizado por el Catedr\u00e1tico Ra\u00fal Moral Herrero. El lodo de depuradora es [&hellip;]<\/p>\n","protected":false},"author":3438,"featured_media":0,"parent":423,"menu_order":9,"comment_status":"open","ping_status":"open","template":"","meta":{"_et_pb_use_builder":"","_et_pb_old_content":"","_et_gb_content_width":"","_links_to":"","_links_to_target":""},"_links":{"self":[{"href":"https:\/\/giaama.umh.es\/en\/wp-json\/wp\/v2\/pages\/453"}],"collection":[{"href":"https:\/\/giaama.umh.es\/en\/wp-json\/wp\/v2\/pages"}],"about":[{"href":"https:\/\/giaama.umh.es\/en\/wp-json\/wp\/v2\/types\/page"}],"author":[{"embeddable":true,"href":"https:\/\/giaama.umh.es\/en\/wp-json\/wp\/v2\/users\/3438"}],"replies":[{"embeddable":true,"href":"https:\/\/giaama.umh.es\/en\/wp-json\/wp\/v2\/comments?post=453"}],"version-history":[{"count":0,"href":"https:\/\/giaama.umh.es\/en\/wp-json\/wp\/v2\/pages\/453\/revisions"}],"up":[{"embeddable":true,"href":"https:\/\/giaama.umh.es\/en\/wp-json\/wp\/v2\/pages\/423"}],"wp:attachment":[{"href":"https:\/\/giaama.umh.es\/en\/wp-json\/wp\/v2\/media?parent=453"}],"curies":[{"name":"wp","href":"https:\/\/api.w.org\/{rel}","templated":true}]}}