{"id":449,"date":"2016-06-13T07:17:25","date_gmt":"2016-06-13T07:17:25","guid":{"rendered":"http:\/\/giaama.umh.es\/?page_id=449"},"modified":"2016-06-13T07:22:22","modified_gmt":"2016-06-13T07:22:22","slug":"secado-y-valorizacion-energetica-de-lodos-nuria-ortuno-garcia","status":"publish","type":"page","link":"https:\/\/giaama.umh.es\/en\/actividades-organizadas\/cursos\/curso-nuevas-tendencias-en-el-ciclo-integral-del-agua-2016\/secado-y-valorizacion-energetica-de-lodos-nuria-ortuno-garcia\/","title":{"rendered":"Secado y valorizaci\u00f3n energ\u00e9tica de lodos, Nuria Ortu\u00f1o Garc\u00eda (Universidad de Alicante)"},"content":{"rendered":"<p>SECADO T\u00c9RMICO Y VALORIZACI\u00d3N ENERG\u00c9TICA DE LODOS DE DEPURACI\u00d3N<\/p>\n<p><a href=\"https:\/\/youtu.be\/zXUDFExJUP0\">https:\/\/youtu.be\/zXUDFExJUP0<\/a><\/p>\n","protected":false},"excerpt":{"rendered":"<p>SECADO T\u00c9RMICO Y VALORIZACI\u00d3N ENERG\u00c9TICA DE LODOS DE DEPURACI\u00d3N https:\/\/youtu.be\/zXUDFExJUP0<\/p>\n","protected":false},"author":3438,"featured_media":0,"parent":423,"menu_order":10,"comment_status":"open","ping_status":"open","template":"","meta":{"_et_pb_use_builder":"","_et_pb_old_content":"","_et_gb_content_width":"","_links_to":"","_links_to_target":""},"_links":{"self":[{"href":"https:\/\/giaama.umh.es\/en\/wp-json\/wp\/v2\/pages\/449"}],"collection":[{"href":"https:\/\/giaama.umh.es\/en\/wp-json\/wp\/v2\/pages"}],"about":[{"href":"https:\/\/giaama.umh.es\/en\/wp-json\/wp\/v2\/types\/page"}],"author":[{"embeddable":true,"href":"https:\/\/giaama.umh.es\/en\/wp-json\/wp\/v2\/users\/3438"}],"replies":[{"embeddable":true,"href":"https:\/\/giaama.umh.es\/en\/wp-json\/wp\/v2\/comments?post=449"}],"version-history":[{"count":0,"href":"https:\/\/giaama.umh.es\/en\/wp-json\/wp\/v2\/pages\/449\/revisions"}],"up":[{"embeddable":true,"href":"https:\/\/giaama.umh.es\/en\/wp-json\/wp\/v2\/pages\/423"}],"wp:attachment":[{"href":"https:\/\/giaama.umh.es\/en\/wp-json\/wp\/v2\/media?parent=449"}],"curies":[{"name":"wp","href":"https:\/\/api.w.org\/{rel}","templated":true}]}}