{"id":334,"date":"2016-02-24T13:01:05","date_gmt":"2016-02-24T13:01:05","guid":{"rendered":"http:\/\/giaama.umh.es\/?page_id=334"},"modified":"2021-03-31T11:33:01","modified_gmt":"2021-03-31T11:33:01","slug":"raul-moral-herrero","status":"publish","type":"page","link":"https:\/\/giaama.umh.es\/en\/materiales\/raul-moral-herrero\/","title":{"rendered":"Ra\u00fal Moral Herrero"},"content":{"rendered":"<p><a href=\"http:\/\/raulmoral.edu.umh.es\/wp-content\/uploads\/sites\/869\/2013\/11\/foto-Raul.jpg\"><img loading=\"lazy\" class=\"alignnone size-medium wp-image-387\" src=\"http:\/\/raulmoral.edu.umh.es\/wp-content\/uploads\/sites\/869\/2013\/11\/foto-Raul-300x225.jpg\" alt=\"foto Raul\" width=\"300\" height=\"225\" \/><\/a><\/p>\n<p>Prof. Dr. Raul Moral Herrero (1967), catedr\u00e1tico de Universidad desde 2010 en el \u00e1rea de Edafolog\u00eda y Qu\u00edmica Agr\u00edcola, con 21 a\u00f1os de experiencia docente y 26 en actividad investigadora en la Univ. Alicante (predoctoral), Univ. Polit\u00e9cnica Valencia (docente contratado) e Univ. Miguel Hern\u00e1ndez de Elche, UMH (desde 1997-actual). Dirige el grupo de Investigaci\u00f3n Aplicada en Agroqu\u00edmica y Medio Ambiente de la UMH desde hace 15 a\u00f1os.<\/p>\n<p>Amplia actividad investigadora (4 sexenios), 99 art\u00edculos revistas SCI 1994-2015, 6 tesis doctorales, 50 tesinas, proyectos fin de carrera\/TF master), en el entorno de la utilizaci\u00f3n agr\u00edcola de residuos org\u00e1nicos y el compostaje, desarrollo de sustratos y bioproductos y la evaluaci\u00f3n de su utilizaci\u00f3n en t\u00e9rminos medioambientales, econ\u00f3micos y tecnol\u00f3gicos.<\/p>\n<p>De acuerdo a SCOPUS (ID 7003335805) tiene un \u00edndice H de 24, sus publicaciones han sido citadas 1586 veces. Su paper Utilisation of manure composts by high-value crops: safety and environmental challenges publicado en Bioresource Technology (2009) es el paper m\u00e1s moderno m\u00e1s citado (199 veces) de la UMH, que es a su vez la 3\u00ba universidad espa\u00f1ola m\u00e1s productiva en tasa por profesor. Editor y autor de cap\u00edtulo del libro Compostaje Ed. Mundi-Prensa, (978-84-8476-346-8), primer libro en castellano sobre compostaje en editorial internacional.<\/p>\n<p>La financiaci\u00f3n conseguida es significativa (captaci\u00f3n recursos competitivos de investigaci\u00f3n mayor de 1,1 millones de euros en los \u00faltimos 15 a\u00f1os)de stacando 4 proyectos de tipolog\u00eda CICYT (AGL2002-00296 AGR-FOR, CTM 2006-01363, AGL2009-12371-C02-01, AGL2013-41612-R). El grupo est\u00e1 involucrad\u00bao en proyectos singulares como el PSE acr\u00f3nimo PROBIOGAS sobre la valorizaci\u00f3n energ\u00e9tica de residuos agroalimentarios y ganaderos; proyecto MMA, sobre desarrollo de compost y sustratos a base de lodos de depuradora; proyecto ReUseWaste tipo ITN Marie Curie como associated partner en gesti\u00f3n de residuos ganaderos etc. Este grupo adem\u00e1s tiene registrados en el MAGRAMA 7 productos fertilizantes tipo enmienda compost como ejercicio demostrativo de trasferencia en diferentes proyectos.<\/p>\n<p>Miembro activo de comit\u00e9s cient\u00edfico-t\u00e9cnicos como:<\/p>\n<p>\u2013 FAO ESCORENA Network on the Recycling of Agricultural, Municipal and Industrial Residues in Agriculture, RAMIRAN, como miembros del Grupo de Trabajo \u201cComposting and Transformation of Wastes\u201d<\/p>\n<p>\u2013 Red Espa\u00f1ola de Compostaje (miembro fundador, coordinador de dicha Red en la actualidad y miembro del comit\u00e9 ejecutivo y responsable en el \u00e1rea de docencia).<\/p>\n<p>\u2013 Red REMEDIA, Red Cient\u00edfica de mitigaci\u00f3n de emisiones de efecto invernadero en el sector agroforestal (miembro del comit\u00e9 cient\u00edfico).<\/p>\n<p>Tambi\u00e9n revisor habitual de m\u00e1s de 12 revistas SCI (Bioresource Technology, Waste Management. Journal of Soil and Sediment Contamination; Journal of Agricultural Engineering Research, Water Research, Environmental Pollution, Applied Clay Science, etc.), y evaluador de proyectos I+D+I a nivel e internacional, nacional y regional. Ha participado en 3 proyectos COST, sobre contaminaci\u00f3n medioambiental, gesti\u00f3n sostenible de los recursos naturales y agroalimentarios.<\/p>\n<p>Ha participado por invitaci\u00f3n en el seminario Think Tank de la OCDE sobre sistemas de tratamiento de futuro en residuos ganaderos: retos de seguridad alimentaria y medioambientales, desarrollado en Florence, South Carolina (EEUU) con 15 expertos mundiales en 2008.<\/p>\n<p>Secretario de la C\u00e1tedra Palmeral d\u00b4Elx de la Universidad Miguel Hern\u00e1ndez de Elche, ha trabajado en diferentes cargos de gesti\u00f3n universitaria, como coordinaci\u00f3n de titulaci\u00f3n, secretario de la Escuela Polit\u00e9cnica de Orihuela as\u00ed como vicerrector adjunto de estudios en la UMH.<\/p>\n<p>&#8211;\u00a0http:\/\/raulmoral.edu.umh.es\/<\/p>\n<p>&#8211; http:\/\/www.recompostaje.com\/red\/integrante\/moral-herrero-raul<\/p>","protected":false},"excerpt":{"rendered":"<p>Prof. Dr. Raul Moral Herrero (1967), catedr\u00e1tico de Universidad desde 2010 en el \u00e1rea de Edafolog\u00eda y Qu\u00edmica Agr\u00edcola, con 21 a\u00f1os de experiencia docente y 26 en actividad investigadora en la Univ. Alicante (predoctoral), Univ. Polit\u00e9cnica Valencia (docente contratado) e Univ. Miguel Hern\u00e1ndez de Elche, UMH (desde 1997-actual). Dirige el grupo de Investigaci\u00f3n Aplicada [&hellip;]<\/p>\n","protected":false},"author":3438,"featured_media":0,"parent":11,"menu_order":1,"comment_status":"open","ping_status":"open","template":"","meta":{"_et_pb_use_builder":"","_et_pb_old_content":"","_et_gb_content_width":"","_links_to":"","_links_to_target":""},"_links":{"self":[{"href":"https:\/\/giaama.umh.es\/en\/wp-json\/wp\/v2\/pages\/334"}],"collection":[{"href":"https:\/\/giaama.umh.es\/en\/wp-json\/wp\/v2\/pages"}],"about":[{"href":"https:\/\/giaama.umh.es\/en\/wp-json\/wp\/v2\/types\/page"}],"author":[{"embeddable":true,"href":"https:\/\/giaama.umh.es\/en\/wp-json\/wp\/v2\/users\/3438"}],"replies":[{"embeddable":true,"href":"https:\/\/giaama.umh.es\/en\/wp-json\/wp\/v2\/comments?post=334"}],"version-history":[{"count":0,"href":"https:\/\/giaama.umh.es\/en\/wp-json\/wp\/v2\/pages\/334\/revisions"}],"up":[{"embeddable":true,"href":"https:\/\/giaama.umh.es\/en\/wp-json\/wp\/v2\/pages\/11"}],"wp:attachment":[{"href":"https:\/\/giaama.umh.es\/en\/wp-json\/wp\/v2\/media?parent=334"}],"curies":[{"name":"wp","href":"https:\/\/api.w.org\/{rel}","templated":true}]}}