{"id":274,"date":"2016-02-09T16:15:07","date_gmt":"2016-02-09T16:15:07","guid":{"rendered":"http:\/\/giaama.umh.es\/?page_id=274"},"modified":"2021-04-01T11:37:31","modified_gmt":"2021-04-01T11:37:31","slug":"tesis","status":"publish","type":"page","link":"https:\/\/giaama.umh.es\/en\/recursos\/tesis\/","title":{"rendered":"Tesis\/Theses"},"content":{"rendered":"<p><span style=\"color: #800000;\"><strong>2016<\/strong><\/span><\/p>\n<hr \/>\n<p>\u00a0<\/p>\n<p>Andr\u00e9 Simoes Santos:\u00a0<strong>Development of composting technology for\u00a0biofertiliser production<\/strong><\/p>\n<p><a href=\"http:\/\/giaama.umh.es\/files\/2016\/02\/Cover-andre.jpg\"><img loading=\"lazy\" class=\"alignnone size-medium wp-image-483\" src=\"http:\/\/giaama.umh.es\/files\/2016\/02\/Cover-andre-300x207.jpg\" alt=\"cover-andre\" width=\"300\" height=\"207\" srcset=\"https:\/\/giaama.umh.es\/files\/2016\/02\/Cover-andre-300x207.jpg 300w, https:\/\/giaama.umh.es\/files\/2016\/02\/Cover-andre-1024x705.jpg 1024w\" sizes=\"(max-width: 300px) 100vw, 300px\" \/><\/a><\/p>\n<p>\u00a0<\/p>\n<p>\u00a0<\/p>\n<p><a href=\"http:\/\/hdl.handle.net\/11000\/2770\">Lourdes Janneth Jara Samaniego: <strong>Oportunidades de valorizaci\u00f3n mediante compostaje de los residuos org\u00e1nicos de origen urbano y afines en Ecuador: propuesta de gesti\u00f3n para la provincia de Chimborazo<\/strong><\/a><\/p>\n<p><a href=\"http:\/\/giaama.umh.es\/files\/2016\/02\/PORTADA-JANETH-DEF-DEF.jpg\"><img loading=\"lazy\" class=\"alignnone size-medium wp-image-480\" src=\"http:\/\/giaama.umh.es\/files\/2016\/02\/PORTADA-JANETH-DEF-DEF-300x200.jpg\" alt=\"portada-janeth-def-def\" width=\"300\" height=\"200\" srcset=\"https:\/\/giaama.umh.es\/files\/2016\/02\/PORTADA-JANETH-DEF-DEF-300x200.jpg 300w, https:\/\/giaama.umh.es\/files\/2016\/02\/PORTADA-JANETH-DEF-DEF-1024x682.jpg 1024w\" sizes=\"(max-width: 300px) 100vw, 300px\" \/><\/a><\/p>\n<p>\u00a0<\/p>\n<p>Guillermo Pardo Nieva:\u00a0<strong>Coupling models and life cycle assessment to evaluate agricultural mitigation strategies involving organic resources management<\/strong><\/p>\n<p><a href=\"http:\/\/giaama.umh.es\/files\/2016\/02\/guiller-final.jpg\"><img loading=\"lazy\" class=\"alignnone size-medium wp-image-484\" src=\"http:\/\/giaama.umh.es\/files\/2016\/02\/guiller-final-300x198.jpg\" alt=\"guiller-final\" width=\"300\" height=\"198\" srcset=\"https:\/\/giaama.umh.es\/files\/2016\/02\/guiller-final-300x198.jpg 300w, https:\/\/giaama.umh.es\/files\/2016\/02\/guiller-final-1024x675.jpg 1024w\" sizes=\"(max-width: 300px) 100vw, 300px\" \/><\/a><\/p>\n<p>\u00a0<\/p>\n<p>\u00a0<\/p>\n<p><span style=\"color: #800000;\"><strong>2015<\/strong><\/span><\/p>\n<hr \/>\n<p>\u00a0<\/p>\n<p>\u00a0<\/p>\n<p><a href=\"http:\/\/hdl.handle.net\/11000\/2093\">Carmen Torrecillas Martinez: <strong>Estudio de par\u00e1metros de calidad en materiales de naturaleza org\u00e1nica con potencial uso en agricultura<\/strong><\/a><\/p>\n<p>\u00a0<\/p>\n<p><a href=\"http:\/\/hdl.handle.net\/11000\/2099\">Ana Bel\u00e9n Rufete Saez: <strong>Caracterizaci\u00f3n de residuos ganaderos del sureste espa\u00f1ol: Implicaciones agron\u00f3micas y\u00a0<\/strong><strong>medioambientales<\/strong><\/a><\/p>\n<div id=\"wrap\">\n<div id=\"container\">\n<div id=\"content\">\n<div style=\"text-align: left;\">\u00a0<a href=\"http:\/\/giaama.umh.es\/files\/2016\/02\/PORTADA-tesis-belen-v3.jpg\"><img loading=\"lazy\" class=\"alignnone size-medium wp-image-472\" src=\"http:\/\/giaama.umh.es\/files\/2016\/02\/PORTADA-tesis-belen-v3-300x200.jpg\" alt=\"portada-tesis-belen-v3\" width=\"300\" height=\"200\" srcset=\"https:\/\/giaama.umh.es\/files\/2016\/02\/PORTADA-tesis-belen-v3-300x200.jpg 300w, https:\/\/giaama.umh.es\/files\/2016\/02\/PORTADA-tesis-belen-v3-1024x682.jpg 1024w\" sizes=\"(max-width: 300px) 100vw, 300px\" \/><\/a><\/div>\n<div><\/div>\n<div>\n<hr \/>\n<\/div>\n<div><\/div>\n<div><\/div>\n<div><a href=\"http:\/\/hdl.handle.net\/11000\/2397\">Angel Luis Torres Climent:<strong> Co-compostaje de residuos ganaderos y vegetales: optimizaci\u00f3n del proceso y evoluci\u00f3n de la materia org\u00e1nica en diferentes escenarios<\/strong><\/a><\/div>\n<div><\/div>\n<div><a href=\"http:\/\/giaama.umh.es\/files\/2016\/02\/PORTADA-ANGEL-TORRES-CLIMENT-DEF.jpg\"><img loading=\"lazy\" class=\"alignnone size-medium wp-image-473\" src=\"http:\/\/giaama.umh.es\/files\/2016\/02\/PORTADA-ANGEL-TORRES-CLIMENT-DEF-300x200.jpg\" alt=\"portada-angel-torres-climent-def\" width=\"300\" height=\"200\" srcset=\"https:\/\/giaama.umh.es\/files\/2016\/02\/PORTADA-ANGEL-TORRES-CLIMENT-DEF-300x200.jpg 300w, https:\/\/giaama.umh.es\/files\/2016\/02\/PORTADA-ANGEL-TORRES-CLIMENT-DEF-1024x682.jpg 1024w\" sizes=\"(max-width: 300px) 100vw, 300px\" \/><\/a><\/p>\n<hr \/>\n<\/div>\n<div><\/div>\n<div><\/div>\n<div><a href=\"http:\/\/hdl.handle.net\/11000\/2394\">Julio Mart\u00edn Mata: <strong>Empleo de t\u00e9cnicas avanzadas y de herramientas quimiom\u00e9tricas para el estudio de residuos y de compost<\/strong><\/a><\/div>\n<div><\/div>\n<div><a href=\"http:\/\/giaama.umh.es\/files\/2016\/02\/PORTADA-JULIO-MARTIN-MATA.jpg\"><img loading=\"lazy\" class=\"alignnone size-medium wp-image-475\" src=\"http:\/\/giaama.umh.es\/files\/2016\/02\/PORTADA-JULIO-MARTIN-MATA-300x200.jpg\" alt=\"portada-julio-martin-mata\" width=\"300\" height=\"200\" srcset=\"https:\/\/giaama.umh.es\/files\/2016\/02\/PORTADA-JULIO-MARTIN-MATA-300x200.jpg 300w, https:\/\/giaama.umh.es\/files\/2016\/02\/PORTADA-JULIO-MARTIN-MATA-1024x682.jpg 1024w\" sizes=\"(max-width: 300px) 100vw, 300px\" \/><\/a><\/p>\n<hr \/>\n<\/div>\n<\/div>\n<\/div>\n<\/div>\n<p><a href=\"http:\/\/hdl.handle.net\/11000\/2623\">Antonio Jos\u00e9 Mar\u00edn Martinez: <strong>Gesti\u00f3n y manejo del sistema vitivin\u00edcola mediterr\u00e1neo. Estrategias para la reducci\u00f3n de la emisi\u00f3n de gases de efecto invernadero y adaptaci\u00f3n de la vi\u00f1a al cambio clim\u00e1tico<\/strong><\/a><\/p>\n<p>\u00a0<\/p>\n<p>2013<\/p>\n<p>Adriana Restrepo Gall\u00f3n:\u00a0<strong>Valorizaci\u00f3n mediante compostaje de la fracci\u00f3n s\u00f3lida de residuos ganaderos digeridos por biometanizaci\u00f3n y evaluaci\u00f3n de sus potenciales usos agron\u00f3micos<\/strong><\/p>\n<p><a href=\"http:\/\/giaama.umh.es\/files\/2016\/02\/2-final-Adriana_P\u00e1gina_001.jpg\"><img loading=\"lazy\" class=\"alignnone size-medium wp-image-486\" src=\"http:\/\/giaama.umh.es\/files\/2016\/02\/2-final-Adriana_P\u00e1gina_001-211x300.jpg\" alt=\"2-final-adriana_pagina_001\" width=\"211\" height=\"300\" srcset=\"https:\/\/giaama.umh.es\/files\/2016\/02\/2-final-Adriana_P\u00e1gina_001-211x300.jpg 211w, https:\/\/giaama.umh.es\/files\/2016\/02\/2-final-Adriana_P\u00e1gina_001-720x1024.jpg 720w, https:\/\/giaama.umh.es\/files\/2016\/02\/2-final-Adriana_P\u00e1gina_001.jpg 1423w\" sizes=\"(max-width: 211px) 100vw, 211px\" \/><\/a><\/p>\n<p>\u00a0<\/p>\n<p>\u00a0<\/p>\n<p><span style=\"color: #993300;\"><strong>2010<\/strong><\/span><\/p>\n<hr \/>\n<p>\u00a0<\/p>\n<p><a href=\"http:\/\/hdl.handle.net\/11000\/1749\">Luis Nazario Galvez Sola: <strong>Viabilidad del uso combinado de la espectroscop\u00eda NIRS, espectroscop\u00eda de infrarrojo FT\u2010IR y Resonancia Magn\u00e9tica Nuclear (RMN) en la evaluaci\u00f3n de residuos org\u00e1nicos frescos y compostados<\/strong><\/a><\/p>\n<p>\u00a0<\/p>\n<p>\u00a0<\/p>\n<p>\u00a0<\/p>\n<p>\u00a0<\/p>\n<p>\u00a0<\/p>\n<p>\u00a0<\/p>\n<p>\u00a0<\/p>\n<p>\u00a0<\/p>\n<p>\u00a0<\/p>\n<p>\u00a0<\/p>\n<p>\u00a0<\/p>\n<p>\u00a0<\/p>","protected":false},"excerpt":{"rendered":"<p>2016 \u00a0 Andr\u00e9 Simoes Santos:\u00a0Development of composting technology for\u00a0biofertiliser production \u00a0 \u00a0 Lourdes Janneth Jara Samaniego: Oportunidades de valorizaci\u00f3n mediante compostaje de los residuos org\u00e1nicos de origen urbano y afines en Ecuador: propuesta de gesti\u00f3n para la provincia de Chimborazo \u00a0 Guillermo Pardo Nieva:\u00a0Coupling models and life cycle assessment to evaluate agricultural mitigation strategies involving [&hellip;]<\/p>\n","protected":false},"author":3438,"featured_media":0,"parent":8,"menu_order":1,"comment_status":"open","ping_status":"closed","template":"","meta":{"_et_pb_use_builder":"","_et_pb_old_content":"","_et_gb_content_width":"","_links_to":"","_links_to_target":""},"_links":{"self":[{"href":"https:\/\/giaama.umh.es\/en\/wp-json\/wp\/v2\/pages\/274"}],"collection":[{"href":"https:\/\/giaama.umh.es\/en\/wp-json\/wp\/v2\/pages"}],"about":[{"href":"https:\/\/giaama.umh.es\/en\/wp-json\/wp\/v2\/types\/page"}],"author":[{"embeddable":true,"href":"https:\/\/giaama.umh.es\/en\/wp-json\/wp\/v2\/users\/3438"}],"replies":[{"embeddable":true,"href":"https:\/\/giaama.umh.es\/en\/wp-json\/wp\/v2\/comments?post=274"}],"version-history":[{"count":0,"href":"https:\/\/giaama.umh.es\/en\/wp-json\/wp\/v2\/pages\/274\/revisions"}],"up":[{"embeddable":true,"href":"https:\/\/giaama.umh.es\/en\/wp-json\/wp\/v2\/pages\/8"}],"wp:attachment":[{"href":"https:\/\/giaama.umh.es\/en\/wp-json\/wp\/v2\/media?parent=274"}],"curies":[{"name":"wp","href":"https:\/\/api.w.org\/{rel}","templated":true}]}}