{"id":252,"date":"2016-02-09T16:00:34","date_gmt":"2016-02-09T16:00:34","guid":{"rendered":"http:\/\/giaama.umh.es\/?page_id=252"},"modified":"2021-06-23T17:02:42","modified_gmt":"2021-06-23T17:02:42","slug":"palmresource","status":"publish","type":"page","link":"https:\/\/giaama.umh.es\/en\/proyectos-nacionales\/palmresource\/","title":{"rendered":"PALMRESOURCE"},"content":{"rendered":"<p>[et_pb_section admin_label=&#8221;section&#8221;][et_pb_row admin_label=&#8221;row&#8221;][et_pb_column type=&#8221;4_4&#8243;][et_pb_text admin_label=&#8221;Texto&#8221;]<\/p>\n<h2>Presentaci\u00f3n<\/h2>\n<div class=\"info\"><\/div>\n<div class=\"content\">\n<p>Las <strong>especies palm\u00e1ceas<\/strong> son un cultivo con una elevada importancia a nivel ambiental, paisaj\u00edstico, econ\u00f3mico y cultural, con una creciente presencia en la UE y especialmente en Espa\u00f1a. Adem\u00e1s existen parajes y entornos protegidos de palmeras debido a su singularidad y riqueza en muchas areas de Europa y tambien en Espa\u00f1a (sureste espa\u00f1ol y zonas insulares). La poda de estas especies representa una gran cantidad de biomasa por hect\u00e1rea y a\u00f1o. Seg\u00fan diversas estimaciones, en Europa existen entre 20 y 100 millones de palmeras de la especie Phoenix y\u00a0 entre 10-20 millones de la especie Washingtonia robusta, de las que el 40% se ubican en Espa\u00f1a. Si consideramos una producci\u00f3n promedio de biomasa por poda de 5 kg anuales, obtenemos una producci\u00f3n de biomasa residual (mayoritariamente depositada en vertederos) cercana a 200.000 toneladas, sin considerar la biomasa residual adicional asociada a los espec\u00edmenes afectados por la plaga del picudo rojo (Rhynchophorus ferrugineus).<\/p>\n<p>El proyecto <strong>PALMRESOURCE<\/strong> tiene por objetivo desarrollar, validar y demostrar diferentes estrategias de valorizaci\u00f3n basadas en la elaboraci\u00f3n de nuevos bioproductos y recursos a partir de los co-productos y residuos producidos durante el cultivo de las especies palm\u00e1ceas. En este \u00e1mbito, se ha identificado la existencia de un importante vac\u00edo a nivel cientifico respecto a la reutilizaci\u00f3n de estos residuos org\u00e1nicos y a la transferencia del conocimiento existente. Adem\u00e1s, el proyecto intenta contribuir a la adopci\u00f3n de soluciones sostenibles para el control y erradicaci\u00f3n de espec\u00edmenes infectados por la plaga del picudo rojo (Rhynchophorus ferrugineus), considerando que el procesado de la biomasa de espec\u00edmenes arrancados y de los restos de poda es dif\u00edcil y costoso, debido a que los usos tradicionales son cada vez m\u00e1s testimoniales.<\/p>\n<p>\u00a0<\/p>\n<p>Las alternativas a desarrollar y validar pueden suponer oportunidades a nivel econ\u00f3mico y social, con nuevas oportunidades de negocio (creaci\u00f3n\/consolidaci\u00f3n de nuevas empresas, etc.) y de creaci\u00f3n de empleo, especialmente en zonas rurales, relacionadas con el manejo de los residuos de palm\u00e1ceas y con la conservaci\u00f3n y uso de vineros y huertos de palmeras. Existe tambi\u00e9n toda una serie de beneficios medioambientales: mitigaci\u00f3n del cambio clim\u00e1tico asociado a la recuperaci\u00f3n del cultivo y a la conservaci\u00f3n del suelo, al reciclaje de residuos org\u00e1nicos con la obtenci\u00f3n de nuevos recursos y bioproductos de valor a\u00f1adido y a la reducci\u00f3n de la emisi\u00f3n de GEI debido al incremento en el secuestro de C.<\/p>\n<\/div>\n<p>[\/et_pb_text][\/et_pb_column][\/et_pb_row][\/et_pb_section]<\/p>","protected":false},"excerpt":{"rendered":"<p>Presentaci\u00f3n Las especies palm\u00e1ceas son un cultivo con una elevada importancia a nivel ambiental, paisaj\u00edstico, econ\u00f3mico y cultural, con una creciente presencia en la UE y especialmente en Espa\u00f1a. Adem\u00e1s existen parajes y entornos protegidos de palmeras debido a su singularidad y riqueza en muchas areas de Europa y tambien en Espa\u00f1a (sureste espa\u00f1ol y [&hellip;]<\/p>\n","protected":false},"author":3438,"featured_media":0,"parent":542,"menu_order":0,"comment_status":"open","ping_status":"open","template":"","meta":{"_et_pb_use_builder":"on","_et_pb_old_content":"<h2>Presentaci\u00f3n<\/h2><div class=\"info\">\u00a0<\/div><div class=\"content\"><p>Las <strong>especies palm\u00e1ceas<\/strong> son un cultivo con una elevada importancia a nivel ambiental, paisaj\u00edstico, econ\u00f3mico y cultural, con una creciente presencia en la UE y especialmente en Espa\u00f1a. Adem\u00e1s existen parajes y entornos protegidos de palmeras debido a su singularidad y riqueza en muchas areas de Europa y tambien en Espa\u00f1a (sureste espa\u00f1ol y zonas insulares). La poda de estas especies representa una gran cantidad de biomasa por hect\u00e1rea y a\u00f1o. Seg\u00fan diversas estimaciones, en Europa existen entre 20 y 100 millones de palmeras de la especie Phoenix y\u00a0 entre 10-20 millones de la especie Washingtonia robusta, de las que el 40% se ubican en Espa\u00f1a. Si consideramos una producci\u00f3n promedio de biomasa por poda de 5 kg anuales, obtenemos una producci\u00f3n de biomasa residual (mayoritariamente depositada en vertederos) cercana a 200.000 toneladas, sin considerar la biomasa residual adicional asociada a los espec\u00edmenes afectados por la plaga del picudo rojo (Rhynchophorus ferrugineus).<\/p><p>El proyecto <strong>PALMRESOURCE<\/strong> tiene por objetivo desarrollar, validar y demostrar diferentes estrategias de valorizaci\u00f3n basadas en la elaboraci\u00f3n de nuevos bioproductos y recursos a partir de los co-productos y residuos producidos durante el cultivo de las especies palm\u00e1ceas. En este \u00e1mbito, se ha identificado la existencia de un importante vac\u00edo a nivel cientifico respecto a la reutilizaci\u00f3n de estos residuos org\u00e1nicos y a la transferencia del conocimiento existente. Adem\u00e1s, el proyecto intenta contribuir a la adopci\u00f3n de soluciones sostenibles para el control y erradicaci\u00f3n de espec\u00edmenes infectados por la plaga del picudo rojo (Rhynchophorus ferrugineus), considerando que el procesado de la biomasa de espec\u00edmenes arrancados y de los restos de poda es dif\u00edcil y costoso, debido a que los usos tradicionales son cada vez m\u00e1s testimoniales.<\/p><p>Las alternativas a desarrollar y validar pueden suponer oportunidades a nivel econ\u00f3mico y social, con nuevas oportunidades de negocio (creaci\u00f3n\/consolidaci\u00f3n de nuevas empresas, etc.) y de creaci\u00f3n de empleo, especialmente en zonas rurales, relacionadas con el manejo de los residuos de palm\u00e1ceas y con la conservaci\u00f3n y uso de vineros y huertos de palmeras. Existe tambi\u00e9n toda una serie de beneficios medioambientales: mitigaci\u00f3n del cambio clim\u00e1tico asociado a la recuperaci\u00f3n del cultivo y a la conservaci\u00f3n del suelo, al reciclaje de residuos org\u00e1nicos con la obtenci\u00f3n de nuevos recursos y bioproductos de valor a\u00f1adido y a la reducci\u00f3n de la emisi\u00f3n de GEI debido al incremento en el secuestro de C.<\/p><\/div>","_et_gb_content_width":"","_links_to":"","_links_to_target":""},"_links":{"self":[{"href":"https:\/\/giaama.umh.es\/en\/wp-json\/wp\/v2\/pages\/252"}],"collection":[{"href":"https:\/\/giaama.umh.es\/en\/wp-json\/wp\/v2\/pages"}],"about":[{"href":"https:\/\/giaama.umh.es\/en\/wp-json\/wp\/v2\/types\/page"}],"author":[{"embeddable":true,"href":"https:\/\/giaama.umh.es\/en\/wp-json\/wp\/v2\/users\/3438"}],"replies":[{"embeddable":true,"href":"https:\/\/giaama.umh.es\/en\/wp-json\/wp\/v2\/comments?post=252"}],"version-history":[{"count":0,"href":"https:\/\/giaama.umh.es\/en\/wp-json\/wp\/v2\/pages\/252\/revisions"}],"up":[{"embeddable":true,"href":"https:\/\/giaama.umh.es\/en\/wp-json\/wp\/v2\/pages\/542"}],"wp:attachment":[{"href":"https:\/\/giaama.umh.es\/en\/wp-json\/wp\/v2\/media?parent=252"}],"curies":[{"name":"wp","href":"https:\/\/api.w.org\/{rel}","templated":true}]}}