{"id":224,"date":"2015-11-10T16:27:49","date_gmt":"2015-11-10T16:27:49","guid":{"rendered":"http:\/\/giaama.umh.es\/?page_id=224"},"modified":"2020-04-08T08:12:51","modified_gmt":"2020-04-08T08:12:51","slug":"recursos-organicos-y-cambio-climatico-inventario-capacidades-de-mitigacion-gestion-y-emision-de-gases-de-efecto-invernadero-conferencia-dra-marian-bustamante-gurpo-giaama-umh","status":"publish","type":"page","link":"https:\/\/giaama.umh.es\/en\/actividades-organizadas\/jornadas\/jornadas-agroalimentarias-2015\/recursos-organicos-y-cambio-climatico-inventario-capacidades-de-mitigacion-gestion-y-emision-de-gases-de-efecto-invernadero-conferencia-dra-marian-bustamante-gurpo-giaama-umh\/","title":{"rendered":"Recursos org\u00e1nicos y cambio clim\u00e1tico: inventario, capacidades de mitigaci\u00f3n, gesti\u00f3n y emisi\u00f3n de gases de efecto invernadero. Conferencia Dra Marian Bustamante, Grupo GIAAMA-UMH"},"content":{"rendered":"<p><iframe loading=\"lazy\" width=\"1080\" height=\"608\" src=\"https:\/\/www.youtube.com\/embed\/fk3er_JQ3cU?feature=oembed\" frameborder=\"0\" allow=\"accelerometer; autoplay; encrypted-media; gyroscope; picture-in-picture\" allowfullscreen><\/iframe><\/p>\n","protected":false},"excerpt":{"rendered":"","protected":false},"author":192,"featured_media":0,"parent":212,"menu_order":0,"comment_status":"open","ping_status":"closed","template":"","meta":{"_et_pb_use_builder":"","_et_pb_old_content":"","_et_gb_content_width":"","_links_to":"","_links_to_target":""},"_links":{"self":[{"href":"https:\/\/giaama.umh.es\/en\/wp-json\/wp\/v2\/pages\/224"}],"collection":[{"href":"https:\/\/giaama.umh.es\/en\/wp-json\/wp\/v2\/pages"}],"about":[{"href":"https:\/\/giaama.umh.es\/en\/wp-json\/wp\/v2\/types\/page"}],"author":[{"embeddable":true,"href":"https:\/\/giaama.umh.es\/en\/wp-json\/wp\/v2\/users\/192"}],"replies":[{"embeddable":true,"href":"https:\/\/giaama.umh.es\/en\/wp-json\/wp\/v2\/comments?post=224"}],"version-history":[{"count":0,"href":"https:\/\/giaama.umh.es\/en\/wp-json\/wp\/v2\/pages\/224\/revisions"}],"up":[{"embeddable":true,"href":"https:\/\/giaama.umh.es\/en\/wp-json\/wp\/v2\/pages\/212"}],"wp:attachment":[{"href":"https:\/\/giaama.umh.es\/en\/wp-json\/wp\/v2\/media?parent=224"}],"curies":[{"name":"wp","href":"https:\/\/api.w.org\/{rel}","templated":true}]}}