{"id":216,"date":"2015-11-10T13:26:21","date_gmt":"2015-11-10T13:26:21","guid":{"rendered":"http:\/\/giaama.umh.es\/?page_id=216"},"modified":"2020-04-08T08:12:29","modified_gmt":"2020-04-08T08:12:29","slug":"estrategias-de-adaptacion-y-mitigacion-del-cambio-climatico-conferencia-dr-jorge-alvaro-fuentes-aula-dei-csic","status":"publish","type":"page","link":"https:\/\/giaama.umh.es\/en\/actividades-organizadas\/charlas\/estrategias-de-adaptacion-y-mitigacion-del-cambio-climatico-conferencia-dr-jorge-alvaro-fuentes-aula-dei-csic\/","title":{"rendered":"Estrategias de adaptaci\u00f3n y mitigaci\u00f3n del cambio clim\u00e1tico. Conferencia Dr. Jorge Alvaro-Fuentes Aula Dei CSIC"},"content":{"rendered":"<p><script src=\"https:\/\/apis.google.com\/_\/scs\/abc-static\/_\/js\/k=gapi.gapi.en.xjOqtrB8Fx8.O\/m=gapi_iframes_style_slide_menu\/exm=card,client,gapi_iframes\/rt=j\/sv=1\/d=1\/ed=1\/am=AAQ\/rs=AItRSTOblpNtoWHpPOhBTtm7mc3TCZFA0g\/cb=gapi.loaded_2\" async=\"\"><\/script><\/p>\n<p><script src=\"https:\/\/apis.google.com\/_\/scs\/abc-static\/_\/js\/k=gapi.gapi.en.xjOqtrB8Fx8.O\/m=gapi_iframes_style_slide_menu\/exm=card,client,gapi_iframes\/rt=j\/sv=1\/d=1\/ed=1\/am=AAQ\/rs=AItRSTOblpNtoWHpPOhBTtm7mc3TCZFA0g\/cb=gapi.loaded_2\" async=\"\" type=\"mce-no\/type\"><\/script><\/p>\n<p><iframe loading=\"lazy\"  id=\"_ytid_44232\"  width=\"800\" height=\"450\"  data-origwidth=\"800\" data-origheight=\"450\" src=\"https:\/\/www.youtube.com\/embed\/NsPkP0kT3L4?enablejsapi=1&#038;autoplay=0&#038;cc_load_policy=0&#038;cc_lang_pref=&#038;iv_load_policy=1&#038;loop=0&#038;modestbranding=0&#038;rel=1&#038;fs=1&#038;playsinline=0&#038;autohide=2&#038;theme=dark&#038;color=red&#038;controls=1&#038;\" class=\"__youtube_prefs__  epyt-is-override  no-lazyload\" title=\"YouTube player\"  allow=\"accelerometer; autoplay; clipboard-write; encrypted-media; gyroscope; picture-in-picture\" allowfullscreen data-no-lazy=\"1\" data-skipgform_ajax_framebjll=\"\"><\/iframe><\/p>","protected":false},"excerpt":{"rendered":"","protected":false},"author":192,"featured_media":0,"parent":313,"menu_order":1,"comment_status":"open","ping_status":"closed","template":"","meta":{"_et_pb_use_builder":"","_et_pb_old_content":"","_et_gb_content_width":"","_links_to":"","_links_to_target":""},"_links":{"self":[{"href":"https:\/\/giaama.umh.es\/en\/wp-json\/wp\/v2\/pages\/216"}],"collection":[{"href":"https:\/\/giaama.umh.es\/en\/wp-json\/wp\/v2\/pages"}],"about":[{"href":"https:\/\/giaama.umh.es\/en\/wp-json\/wp\/v2\/types\/page"}],"author":[{"embeddable":true,"href":"https:\/\/giaama.umh.es\/en\/wp-json\/wp\/v2\/users\/192"}],"replies":[{"embeddable":true,"href":"https:\/\/giaama.umh.es\/en\/wp-json\/wp\/v2\/comments?post=216"}],"version-history":[{"count":0,"href":"https:\/\/giaama.umh.es\/en\/wp-json\/wp\/v2\/pages\/216\/revisions"}],"up":[{"embeddable":true,"href":"https:\/\/giaama.umh.es\/en\/wp-json\/wp\/v2\/pages\/313"}],"wp:attachment":[{"href":"https:\/\/giaama.umh.es\/en\/wp-json\/wp\/v2\/media?parent=216"}],"curies":[{"name":"wp","href":"https:\/\/api.w.org\/{rel}","templated":true}]}}