{"id":202,"date":"2014-07-21T10:06:34","date_gmt":"2014-07-21T10:06:34","guid":{"rendered":"http:\/\/giaama.umh.es\/?page_id=202"},"modified":"2020-04-08T08:08:20","modified_gmt":"2020-04-08T08:08:20","slug":"nuevas-tendencias-en-gestion-del-ciclo-integral-del-agua","status":"publish","type":"page","link":"https:\/\/giaama.umh.es\/en\/actividades-organizadas\/cursos\/nuevas-tendencias-en-gestion-del-ciclo-integral-del-agua\/","title":{"rendered":"Nuevas tendencias en gesti\u00f3n del ciclo integral del agua"},"content":{"rendered":"<p><\/p>\n<div>\n<p>La cada vez m\u00e1s acentuada escasez de recursos h\u00eddricos de primera calidad, particularmente acentuada en zonas de escasas precipitaciones (\u00e1ridas y semi\u00e1ridas), hace prioritario el aporte de criterios t\u00e9cnicos que permita encontrar soluciones aplicables que ayuden a la sociedad a minimizar su impacto en el medio ambiente.<\/p>\n<\/div>\n<p>El uso y consumo del agua por parte de los seres humanos, tiene como resultado la generaci\u00f3n de efluentes contaminados y residuos s\u00f3lidos que, si no son tratados de forma adecuada, constituyen un problema bajo el punto de vista medioambiental.<\/p>\n<p>Es por ello que el agua y todos los procesos que rodean su uso, son el motor principal del desarrollo de las ciudades y esto obliga a la b\u00fasqueda de sinergias que aumenten la eficiencia de la gesti\u00f3n de estos recursos y sus subproductos.<\/p>\n<p>Este <strong>curso organizado por GIAAMA y UMH<\/strong>\u00a0abord\u00f3 los \u00faltimos avances en metodolog\u00edas de an\u00e1lisis y caracterizaci\u00f3n de biorresiduos, que permitir\u00e1n la elecci\u00f3n y adaptaci\u00f3n de las estrategias m\u00e1s adecuadas de valorizaci\u00f3n de los mismos. Del mismo modo se abordaron los \u00faltimos avances en cuanto a la reutilizaci\u00f3n urbana de aguas y el papel que ha jugado el RD 1620\/07 en la valorizaci\u00f3n de las aguas procedentes de depuraci\u00f3n.<\/p>\n<p><a href=\"http:\/\/giaama.umh.es\/files\/2014\/07\/TripticoNuevasTendencias_A4-con-logo-ok-26-mayo-2014-+-habitat_P\u00e1gina_2.png\"><img loading=\"lazy\" class=\"alignnone size-medium wp-image-206\" src=\"http:\/\/giaama.umh.es\/files\/2014\/07\/TripticoNuevasTendencias_A4-con-logo-ok-26-mayo-2014-+-habitat_P\u00e1gina_2-300x212.png\" alt=\"TripticoNuevasTendencias_A4 con logo ok 26 mayo 2014 + habitat_P\u00e1gina_2\" width=\"300\" height=\"212\" srcset=\"https:\/\/giaama.umh.es\/files\/2014\/07\/TripticoNuevasTendencias_A4-con-logo-ok-26-mayo-2014-+-habitat_P\u00e1gina_2-300x212.png 300w, https:\/\/giaama.umh.es\/files\/2014\/07\/TripticoNuevasTendencias_A4-con-logo-ok-26-mayo-2014-+-habitat_P\u00e1gina_2-1024x724.png 1024w\" sizes=\"(max-width: 300px) 100vw, 300px\" \/><\/a><\/p>\n<p>\u00a0<\/p>\n<p><a href=\"http:\/\/giaama.umh.es\/files\/2014\/07\/TripticoNuevasTendencias_A4-con-logo-ok-26-mayo-2014-+-habitat.pdf\">TripticoNuevasTendencias_A4 con logo ok 26 mayo 2014 + habitat<\/a><\/p>\n<p><a href=\"http:\/\/www.youtube.com\/watch?v=rEcnDRuBbH0&#038;feature=youtu.be\">Video YouTube. Aplicaci\u00f3n directa de lodos y minimizaci\u00f3n de riesgos ambientales: Adaptaci\u00f3n de la gesti\u00f3n de lodos a las \u00faltimas normativas. Dr. Raul Moral Herrero, UMH<\/a><\/p>\n<p><a href=\"http:\/\/www.youtube.com\/watch?v=XzGpFN07VrU&#038;feature=youtu.be\">Video YouTube. Secado t\u00e9rmico y valorizaci\u00f3n energ\u00e9tica de lodos procedentes de depuraci\u00f3n. Dr. Juan Conesa, U Alicante<\/a><\/p>\n<p><a href=\"http:\/\/www.youtube.com\/watch?v=wZWkGzZwdEE&#038;feature=youtu.be\">Video YouTube. Desarrollo de compost de alto valor a\u00f1adido a partir de lodos de depuradora: experiencias a escala real. Dra. Marga Ros, CEBAS-CSIC<\/a><\/p>\n<p><a href=\"http:\/\/www.youtube.com\/watch?v=Xu5H3259RFU&#038;feature=youtu.be\">Video YouTube. Reutilizaci\u00f3n Urbana de Aguas y desarrollo sostenible. Dr. David Santacreu, Agbar.<\/a><\/p>\n<p><a href=\"http:\/\/www.youtube.com\/watch?v=3VxilhM2REw&#038;feature=youtu.be\">Video YouTube. Estrategias, y tendencias en el ciclo integral del agua. Dr. Daniel Prats, U. Alicante<\/a><\/p>","protected":false},"excerpt":{"rendered":"<p>La cada vez m\u00e1s acentuada escasez de recursos h\u00eddricos de primera calidad, particularmente acentuada en zonas de escasas precipitaciones (\u00e1ridas y semi\u00e1ridas), hace prioritario el aporte de criterios t\u00e9cnicos que permita encontrar soluciones aplicables que ayuden a la sociedad a minimizar su impacto en el medio ambiente. El uso y consumo del agua por parte [&hellip;]<\/p>\n","protected":false},"author":192,"featured_media":0,"parent":317,"menu_order":1,"comment_status":"open","ping_status":"closed","template":"","meta":{"_et_pb_use_builder":"","_et_pb_old_content":"","_et_gb_content_width":"","_links_to":"","_links_to_target":""},"_links":{"self":[{"href":"https:\/\/giaama.umh.es\/en\/wp-json\/wp\/v2\/pages\/202"}],"collection":[{"href":"https:\/\/giaama.umh.es\/en\/wp-json\/wp\/v2\/pages"}],"about":[{"href":"https:\/\/giaama.umh.es\/en\/wp-json\/wp\/v2\/types\/page"}],"author":[{"embeddable":true,"href":"https:\/\/giaama.umh.es\/en\/wp-json\/wp\/v2\/users\/192"}],"replies":[{"embeddable":true,"href":"https:\/\/giaama.umh.es\/en\/wp-json\/wp\/v2\/comments?post=202"}],"version-history":[{"count":0,"href":"https:\/\/giaama.umh.es\/en\/wp-json\/wp\/v2\/pages\/202\/revisions"}],"up":[{"embeddable":true,"href":"https:\/\/giaama.umh.es\/en\/wp-json\/wp\/v2\/pages\/317"}],"wp:attachment":[{"href":"https:\/\/giaama.umh.es\/en\/wp-json\/wp\/v2\/media?parent=202"}],"curies":[{"name":"wp","href":"https:\/\/api.w.org\/{rel}","templated":true}]}}